{"id":25,"date":"2017-02-17T20:15:07","date_gmt":"2017-02-17T20:15:07","guid":{"rendered":"https:\/\/demo.audiotheme.com\/ovation\/?page_id=25"},"modified":"2024-11-05T07:35:27","modified_gmt":"2024-11-05T07:35:27","slug":"about","status":"publish","type":"page","link":"https:\/\/splvtterhouse.com\/?page_id=25","title":{"rendered":"Sobre nosotros"},"content":{"rendered":"\n<p>Splvtterhouse nace de una ambiciosa idea en 2020, el reto era como mezclar el rap, el metal y la electr\u00f3nica y que sonara contundente y con sentido, poco a poco se fueron uniendo componentes a la crew y cada uno de ellos aportaba su visi\u00f3n y su trabajo hasta que al fin se consigui\u00f3 obtener un sonido propio, contundente y revolucionario.<\/p>\n\n\n\n<p>Despu\u00e9s de varios singles e incluso algunos covers, la banda decidi\u00f3 sacar su primer \u00e1lbum, \u00abNightmares\u00bb , 13 temas de pura adrenalina y con un sonido inconfundible.<\/p>\n\n\n\n<p><\/p>\n\n\n\n<center><h2 class=\"front-page-section-title\">El show<\/h2><\/center>\n\n\n\n<p>El directo de Splvtterhouse es una experiencia electrizante y profunda, cargada de ritmo.<\/p>\n\n\n\n<p>Una puesta en escena que mezcla el Hip Hop, el Metal , el Dubstep y el Breakbeat, donde la sensaci\u00f3n de estar en otro universo no se desvanece en ning\u00fan momento.<\/p>\n\n\n\n<p>2 vocalistas, 2Djs, un guitarra y un bajo , 6 personas generando un sonido inconfundible y vibrante. La banda ha cuidado mucho su directo y han conseguido tener un show diferente y atractivo, es una experiencia subversiva que te atrapa desde el primer momento.<\/p>\n","protected":false},"excerpt":{"rendered":"<p>Splvtterhouse nace de una ambiciosa idea en 2020, el reto era como mezclar el rap, el metal y la electr\u00f3nica y que sonara contundente y con sentido, poco a poco se fueron uniendo componentes a la crew y cada uno de ellos aportaba su visi\u00f3n y su trabajo hasta que al fin se consigui\u00f3 obtener [&hellip;]<\/p>\n","protected":false},"author":4,"featured_media":0,"parent":0,"menu_order":0,"comment_status":"closed","ping_status":"closed","template":"templates\/full-width-page.php","meta":{"footnotes":""},"class_list":{"0":"post-25","1":"page","2":"type-page","3":"status-publish","5":"entry"},"_links":{"self":[{"href":"https:\/\/splvtterhouse.com\/index.php?rest_route=\/wp\/v2\/pages\/25","targetHints":{"allow":["GET"]}}],"collection":[{"href":"https:\/\/splvtterhouse.com\/index.php?rest_route=\/wp\/v2\/pages"}],"about":[{"href":"https:\/\/splvtterhouse.com\/index.php?rest_route=\/wp\/v2\/types\/page"}],"author":[{"embeddable":true,"href":"https:\/\/splvtterhouse.com\/index.php?rest_route=\/wp\/v2\/users\/4"}],"replies":[{"embeddable":true,"href":"https:\/\/splvtterhouse.com\/index.php?rest_route=%2Fwp%2Fv2%2Fcomments&post=25"}],"version-history":[{"count":7,"href":"https:\/\/splvtterhouse.com\/index.php?rest_route=\/wp\/v2\/pages\/25\/revisions"}],"predecessor-version":[{"id":3502,"href":"https:\/\/splvtterhouse.com\/index.php?rest_route=\/wp\/v2\/pages\/25\/revisions\/3502"}],"wp:attachment":[{"href":"https:\/\/splvtterhouse.com\/index.php?rest_route=%2Fwp%2Fv2%2Fmedia&parent=25"}],"curies":[{"name":"wp","href":"https:\/\/api.w.org\/{rel}","templated":true}]}}